{"id":12,"date":"2021-06-21T10:11:39","date_gmt":"2021-06-21T13:11:39","guid":{"rendered":"https:\/?page_id=12"},"modified":"2021-06-24T14:26:43","modified_gmt":"2021-06-24T17:26:43","slug":"um-novo-patamar-de-ensino-a-distancia","status":"publish","type":"page","link":"https:\/\/bebyte.com.br\/","title":{"rendered":"BeByte"},"content":{"rendered":"","protected":false},"excerpt":{"rendered":"","protected":false},"author":1,"featured_media":0,"parent":0,"menu_order":0,"comment_status":"closed","ping_status":"closed","template":"","meta":{"footnotes":""},"class_list":["post-12","page","type-page","status-publish","hentry","entry"],"yoast_head":"<!-- This site is optimized with the Yoast SEO Premium plugin v16.3 (Yoast SEO v24.6) - https:\/\/yoast.com\/wordpress\/plugins\/seo\/ -->\n<title>BeByte - BeByte<\/title>\n<meta name=\"description\" content=\"UMA DID\u00c1TICA DE RESULTADOS, COM ENTREGAS REAISOs cursos da BeByte s\u00e3o baseados em projetos, que somam o conhecimento de diversas \u00e1reas. Um modelo onde teoria e pr\u00e1tica se unem, de uma forma que motiva os alunos. A gamefica\u00e7\u00e3o do aprendizado transforma os cursos em atividades l\u00fadicas e din\u00e2micas. Aprender com prazer \u00e9 sempre melhor.\" \/>\n<meta name=\"robots\" content=\"index, follow, max-snippet:-1, max-image-preview:large, max-video-preview:-1\" \/>\n<link rel=\"canonical\" href=\"https:\/\/bebyte.com.br\/\" \/>\n<meta property=\"og:locale\" content=\"pt_BR\" \/>\n<meta property=\"og:type\" content=\"article\" \/>\n<meta property=\"og:title\" content=\"BeByte - BeByte\" \/>\n<meta property=\"og:description\" content=\"UMA DID\u00c1TICA DE RESULTADOS, COM ENTREGAS REAISOs cursos da BeByte s\u00e3o baseados em projetos, que somam o conhecimento de diversas \u00e1reas. Um modelo onde teoria e pr\u00e1tica se unem, de uma forma que motiva os alunos. A gamefica\u00e7\u00e3o do aprendizado transforma os cursos em atividades l\u00fadicas e din\u00e2micas. Aprender com prazer \u00e9 sempre melhor.\" \/>\n<meta property=\"og:url\" content=\"https:\/\/bebyte.com.br\/\" \/>\n<meta property=\"og:site_name\" content=\"BeByte\" \/>\n<meta property=\"article:publisher\" content=\"https:\/\/www.facebook.com\/bebyte.future\" \/>\n<meta property=\"article:modified_time\" content=\"2021-06-24T17:26:43+00:00\" \/>\n<meta name=\"twitter:card\" content=\"summary_large_image\" \/>\n<script type=\"application\/ld+json\" class=\"yoast-schema-graph\">{\"@context\":\"https:\/\/schema.org\",\"@graph\":[{\"@type\":\"WebPage\",\"@id\":\"https:\/\/bebyte.com.br\/\",\"url\":\"https:\/\/bebyte.com.br\/\",\"name\":\"BeByte - BeByte\",\"isPartOf\":{\"@id\":\"https:\/\/bebyte.com.br\/#website\"},\"datePublished\":\"2021-06-21T13:11:39+00:00\",\"dateModified\":\"2021-06-24T17:26:43+00:00\",\"description\":\"UMA DID\u00c1TICA DE RESULTADOS, COM ENTREGAS REAISOs cursos da BeByte s\u00e3o baseados em projetos, que somam o conhecimento de diversas \u00e1reas. Um modelo onde teoria e pr\u00e1tica se unem, de uma forma que motiva os alunos. A gamefica\u00e7\u00e3o do aprendizado transforma os cursos em atividades l\u00fadicas e din\u00e2micas. Aprender com prazer \u00e9 sempre melhor.\",\"breadcrumb\":{\"@id\":\"https:\/\/bebyte.com.br\/#breadcrumb\"},\"inLanguage\":\"pt-BR\",\"potentialAction\":[{\"@type\":\"ReadAction\",\"target\":[\"https:\/\/bebyte.com.br\/\"]}]},{\"@type\":\"BreadcrumbList\",\"@id\":\"https:\/\/bebyte.com.br\/#breadcrumb\",\"itemListElement\":[{\"@type\":\"ListItem\",\"position\":1,\"name\":\"In\u00edcio\",\"item\":\"https:\/\/bebyte.com.br\/\"},{\"@type\":\"ListItem\",\"position\":2,\"name\":\"BeByte\"}]},{\"@type\":\"WebSite\",\"@id\":\"https:\/\/bebyte.com.br\/#website\",\"url\":\"https:\/\/bebyte.com.br\/\",\"name\":\"BeByte\",\"description\":\"Um novo patamar de ensino \u00e0 dist\u00e2ncia\",\"publisher\":{\"@id\":\"https:\/\/bebyte.com.br\/#organization\"},\"potentialAction\":[{\"@type\":\"SearchAction\",\"target\":{\"@type\":\"EntryPoint\",\"urlTemplate\":\"https:\/\/bebyte.com.br\/?s={search_term_string}\"},\"query-input\":{\"@type\":\"PropertyValueSpecification\",\"valueRequired\":true,\"valueName\":\"search_term_string\"}}],\"inLanguage\":\"pt-BR\"},{\"@type\":\"Organization\",\"@id\":\"https:\/\/bebyte.com.br\/#organization\",\"name\":\"Be Byte\",\"url\":\"https:\/\/bebyte.com.br\/\",\"logo\":{\"@type\":\"ImageObject\",\"inLanguage\":\"pt-BR\",\"@id\":\"https:\/\/bebyte.com.br\/#\/schema\/logo\/image\/\",\"url\":\"https:\/\/bebyte.com.br\/wp-content\/uploads\/2021\/06\/bebyte-site_64.png\",\"contentUrl\":\"https:\/\/bebyte.com.br\/wp-content\/uploads\/2021\/06\/bebyte-site_64.png\",\"width\":298,\"height\":70,\"caption\":\"Be Byte\"},\"image\":{\"@id\":\"https:\/\/bebyte.com.br\/#\/schema\/logo\/image\/\"},\"sameAs\":[\"https:\/\/www.facebook.com\/bebyte.future\",\"https:\/\/www.instagram.com\/be.byte\/\"]}]}<\/script>\n<!-- \/ Yoast SEO Premium plugin. -->","yoast_head_json":{"title":"BeByte - BeByte","description":"UMA DID\u00c1TICA DE RESULTADOS, COM ENTREGAS REAISOs cursos da BeByte s\u00e3o baseados em projetos, que somam o conhecimento de diversas \u00e1reas. Um modelo onde teoria e pr\u00e1tica se unem, de uma forma que motiva os alunos. A gamefica\u00e7\u00e3o do aprendizado transforma os cursos em atividades l\u00fadicas e din\u00e2micas. Aprender com prazer \u00e9 sempre melhor.","robots":{"index":"index","follow":"follow","max-snippet":"max-snippet:-1","max-image-preview":"max-image-preview:large","max-video-preview":"max-video-preview:-1"},"canonical":"https:\/\/bebyte.com.br\/","og_locale":"pt_BR","og_type":"article","og_title":"BeByte - BeByte","og_description":"UMA DID\u00c1TICA DE RESULTADOS, COM ENTREGAS REAISOs cursos da BeByte s\u00e3o baseados em projetos, que somam o conhecimento de diversas \u00e1reas. Um modelo onde teoria e pr\u00e1tica se unem, de uma forma que motiva os alunos. A gamefica\u00e7\u00e3o do aprendizado transforma os cursos em atividades l\u00fadicas e din\u00e2micas. Aprender com prazer \u00e9 sempre melhor.","og_url":"https:\/\/bebyte.com.br\/","og_site_name":"BeByte","article_publisher":"https:\/\/www.facebook.com\/bebyte.future","article_modified_time":"2021-06-24T17:26:43+00:00","twitter_card":"summary_large_image","schema":{"@context":"https:\/\/schema.org","@graph":[{"@type":"WebPage","@id":"https:\/\/bebyte.com.br\/","url":"https:\/\/bebyte.com.br\/","name":"BeByte - BeByte","isPartOf":{"@id":"https:\/\/bebyte.com.br\/#website"},"datePublished":"2021-06-21T13:11:39+00:00","dateModified":"2021-06-24T17:26:43+00:00","description":"UMA DID\u00c1TICA DE RESULTADOS, COM ENTREGAS REAISOs cursos da BeByte s\u00e3o baseados em projetos, que somam o conhecimento de diversas \u00e1reas. Um modelo onde teoria e pr\u00e1tica se unem, de uma forma que motiva os alunos. A gamefica\u00e7\u00e3o do aprendizado transforma os cursos em atividades l\u00fadicas e din\u00e2micas. Aprender com prazer \u00e9 sempre melhor.","breadcrumb":{"@id":"https:\/\/bebyte.com.br\/#breadcrumb"},"inLanguage":"pt-BR","potentialAction":[{"@type":"ReadAction","target":["https:\/\/bebyte.com.br\/"]}]},{"@type":"BreadcrumbList","@id":"https:\/\/bebyte.com.br\/#breadcrumb","itemListElement":[{"@type":"ListItem","position":1,"name":"In\u00edcio","item":"https:\/\/bebyte.com.br\/"},{"@type":"ListItem","position":2,"name":"BeByte"}]},{"@type":"WebSite","@id":"https:\/\/bebyte.com.br\/#website","url":"https:\/\/bebyte.com.br\/","name":"BeByte","description":"Um novo patamar de ensino \u00e0 dist\u00e2ncia","publisher":{"@id":"https:\/\/bebyte.com.br\/#organization"},"potentialAction":[{"@type":"SearchAction","target":{"@type":"EntryPoint","urlTemplate":"https:\/\/bebyte.com.br\/?s={search_term_string}"},"query-input":{"@type":"PropertyValueSpecification","valueRequired":true,"valueName":"search_term_string"}}],"inLanguage":"pt-BR"},{"@type":"Organization","@id":"https:\/\/bebyte.com.br\/#organization","name":"Be Byte","url":"https:\/\/bebyte.com.br\/","logo":{"@type":"ImageObject","inLanguage":"pt-BR","@id":"https:\/\/bebyte.com.br\/#\/schema\/logo\/image\/","url":"https:\/\/bebyte.com.br\/wp-content\/uploads\/2021\/06\/bebyte-site_64.png","contentUrl":"https:\/\/bebyte.com.br\/wp-content\/uploads\/2021\/06\/bebyte-site_64.png","width":298,"height":70,"caption":"Be Byte"},"image":{"@id":"https:\/\/bebyte.com.br\/#\/schema\/logo\/image\/"},"sameAs":["https:\/\/www.facebook.com\/bebyte.future","https:\/\/www.instagram.com\/be.byte\/"]}]}},"_links":{"self":[{"href":"https:\/\/bebyte.com.br\/index.php?rest_route=\/wp\/v2\/pages\/12","targetHints":{"allow":["GET"]}}],"collection":[{"href":"https:\/\/bebyte.com.br\/index.php?rest_route=\/wp\/v2\/pages"}],"about":[{"href":"https:\/\/bebyte.com.br\/index.php?rest_route=\/wp\/v2\/types\/page"}],"author":[{"embeddable":true,"href":"https:\/\/bebyte.com.br\/index.php?rest_route=\/wp\/v2\/users\/1"}],"replies":[{"embeddable":true,"href":"https:\/\/bebyte.com.br\/index.php?rest_route=%2Fwp%2Fv2%2Fcomments&post=12"}],"version-history":[{"count":2,"href":"https:\/\/bebyte.com.br\/index.php?rest_route=\/wp\/v2\/pages\/12\/revisions"}],"predecessor-version":[{"id":302,"href":"https:\/\/bebyte.com.br\/index.php?rest_route=\/wp\/v2\/pages\/12\/revisions\/302"}],"wp:attachment":[{"href":"https:\/\/bebyte.com.br\/index.php?rest_route=%2Fwp%2Fv2%2Fmedia&parent=12"}],"curies":[{"name":"wp","href":"https:\/\/api.w.org\/{rel}","templated":true}]}}